{"id":727,"date":"2022-02-20T02:41:49","date_gmt":"2022-02-19T23:41:49","guid":{"rendered":"http:\/\/aryacomponent.com\/gizlilik-ve-guvenlik-sozlesmesi\/"},"modified":"2022-02-20T02:43:53","modified_gmt":"2022-02-19T23:43:53","slug":"soglashenie-o-konfidenczialnosti","status":"publish","type":"page","link":"https:\/\/aryacomponent.com\/ru\/soglashenie-o-konfidenczialnosti\/","title":{"rendered":"\u0421\u043e\u0433\u043b\u0430\u0448\u0435\u043d\u0438\u0435 \u043e \u043a\u043e\u043d\u0444\u0438\u0434\u0435\u043d\u0446\u0438\u0430\u043b\u044c\u043d\u043e\u0441\u0442\u0438"},"content":{"rendered":"<p class=\"legal1\">\u0414\u0410\u041d\u041d\u042b\u0419 \u0414\u041e\u041a\u0423\u041c\u0415\u041d\u0422 \u041f\u0420\u0415\u0414\u041e\u0421\u0422\u0410\u0412\u041b\u0415\u041d \u0412 \u041e\u0420\u0418\u0413\u0418\u041d\u0410\u041b\u0415, \u0422\u041e\u041b\u042c\u041a\u041e \u041d\u0410 \u0422\u0423\u0420\u0415\u0426\u041a\u041e\u041c \u042f\u0417\u042b\u041a\u0415.<\/p>\n<h2>G\u0130ZL\u0130L\u0130K S\u00d6ZLE\u015eMES\u0130:<\/h2>\n<p>Bu beyan <strong>aryacomponent.com<\/strong> \/ gizlilik politikas\u0131n\u0131 i\u00e7erir. <\/p>\n<p><strong>aryacomponent.com<\/strong> \/ web sitesini ziyaret ederek a\u015fa\u011f\u0131daki \u015fartlar\u0131 ve kurallar\u0131 uygulamay\u0131 kabul etmi\u015f say\u0131lmaktas\u0131n\u0131z.<\/p>\n<p><strong>aryacomponent.com<\/strong> \/ \u00fcyelik a\u015famas\u0131nda ve daha sonras\u0131nda sizden baz\u0131 ki\u015fisel bilgilerinizi talep eder. Ki\u015fisel bilgilerinizin korunmas\u0131 ve gizlili\u011finizin s\u00fcrd\u00fcr\u00fclebilmesi, aryacomponent.com ekibi olarak birinci \u00f6nceli\u011fimizdir. Bu nedenle vermi\u015f oldu\u011funuz bilgiler, \u00dcyelik S\u00f6zle\u015fmesi\u2019nde belirtilen kurallar ve ama\u00e7lar d\u0131\u015f\u0131nda herhangi bir kapsamda kullan\u0131lmayacak, \u00fc\u00e7\u00fcnc\u00fc \u015fah\u0131slarla payla\u015f\u0131lmayacakt\u0131r.<\/p>\n<p>Sistemle ilgili sorunlar\u0131n tespiti ve s\u00f6z konusu sorunlar\u0131n en h\u0131zl\u0131 \u015fekilde giderilebilmesi i\u00e7in, aryacomponent.com gerekti\u011finde kullan\u0131c\u0131lar\u0131n IP adresini tespit etmekte ve bunu kullanmaktad\u0131r. IP adresleri, kullan\u0131c\u0131lar\u0131 genel bir \u015fekilde tan\u0131mlamak ve kapsaml\u0131 demografik bilgi toplamak amac\u0131yla da kullan\u0131labilir.<\/p>\n<p>Sitemizdeki kay\u0131t formlar\u0131, sipari\u015f formlar\u0131, anketler ve yar\u0131\u015fmalarda, irtibat bilgilerinizi (ad\u0131n\u0131z, soyad\u0131n\u0131z, email adresiniz, telefon numaralar\u0131n\u0131z ve posta adresiniz) vermeniz talep edilmektedir. Ayr\u0131ca, sat\u0131n alma formunda kredi kart\u0131 bilgilerinizi vermeniz gerekmektedir. Yukar\u0131da bahsedilen ki\u015fisel bilgileriniz; sipari\u015flerinizi almak, \u00fcr\u00fcn ve hizmetlerimizi sunmak, \u00f6demelerinizi ger\u00e7ekle\u015ftirmek, sipari\u015flerinizi ula\u015ft\u0131rmak ve sipari\u015fleriniz ile ilgili bilgi vermek, \u00fcr\u00fcnler ve hizmetler hakk\u0131nda pazarlama amac\u0131yla sizinle irtibata ge\u00e7mek, bilgilerinizi g\u00fcncellemek, \u00fcyeli\u011finizi y\u00f6netmek ve s\u00fcrd\u00fcrmek, ilginizi \u00e7ekebilecek \u00fcr\u00fcn ve hizmetleri \u00f6nermek ve 3. \u015fah\u0131slar\u0131n teknik, lojistik ve benzeri di\u011fer i\u015flevlerini bizim ad\u0131m\u0131za yerine getirmelerini sa\u011flamak amac\u0131yla kullan\u0131lmaktad\u0131r.<\/p>\n<p>aryacomponent.com \u00fcyesi oldu\u011funuz andan itibaren, aksi taraf\u0131n\u0131zdan talep edilmedi\u011fi s\u00fcrece, g\u00fcnl\u00fck ve haftal\u0131k bilgilendirme emailleri, e-mail adresinize g\u00f6nderilecektir. Diledi\u011finiz zaman bu e-maillerle ilgili de\u011fi\u015fiklik yapma, hizmetten vazge\u00e7me ve yeniden ba\u015flatma hakk\u0131n\u0131z bulunmaktad\u0131r. Bu e-maillerin i\u00e7eri\u011fi; sat\u0131n alm\u0131\u015f oldu\u011funuz \u00fcr\u00fcn veya \u00fcr\u00fcnlerle ilgili bilgiler, ilgilenece\u011finizi d\u00fc\u015f\u00fcnd\u00fc\u011f\u00fcm\u00fcz di\u011fer \u00fcr\u00fcnler, 3. ki\u015filerin reklamlar\u0131n\u0131 ve benzeri bilgileri i\u00e7erebilir. Demografik bilgiler, sitemizi kullan\u0131c\u0131lar\u0131m\u0131z\u0131n ilgi alanlar\u0131na g\u00f6re uyarlamak i\u00e7in kullan\u0131lmaktad\u0131r. Bu bilgiler, reklamlar\u0131n hedef kitleye uyarlanabilmesini temin etmek maksad\u0131yla ve yaln\u0131zca di\u011fer kullan\u0131c\u0131lara ait bilgilerle birlikte olmak \u00fczere, reklam verenlerle payla\u015f\u0131labilir. Bu bilgilerde herhangi bir \u015fekilde ki\u015fisel bilgi verilmez, sadece grup olarak kullan\u0131c\u0131 e\u011filimleri ile ilgili bir tak\u0131m \u00e7\u0131kar\u0131mlar yapmak ve segmentasyon amac\u0131yla kullan\u0131l\u0131r. Toplanan mali bilgiler sat\u0131n ald\u0131\u011f\u0131n\u0131z \u00fcr\u00fcn ve hizmetleri size fatura etmek i\u00e7in kullan\u0131lmaktad\u0131r. Sitemizde bir sat\u0131n alma yapt\u0131\u011f\u0131n\u0131zda size ait mali bilgilerin, i\u015fleminizi ger\u00e7ekle\u015ftirmek i\u00e7in gerekli 3. \u015fah\u0131slara (bankalar, kredi kart\u0131 \u015firketleri vb.) verilmesini kabul etmektesiniz. Payla\u015f\u0131lacak bilgiler; kredi kart\u0131 numaras\u0131, son kullanma tarihi, CVV2 de dahil olmak \u00fczere gerekli t\u00fcm mali bilgileri i\u00e7erir.<\/p>\n<p>T\u00fcm kredi kart\u0131 ve ki\u015fisel bilgileriniz, internet g\u00fcvenlik standard\u0131 olan SSL Secure sistemi ile 128 mbit \u015fifrelenmi\u015ftir. Bu \u015fekilde, internet \u00fczerindeki dola\u015f\u0131mlar\u0131 s\u0131ras\u0131nda herhangi bir \u015fekilde bu bilgilerinizin istenilmeyen ki\u015fi veya kurumlar taraf\u0131ndan ele ge\u00e7irilmesi \u00f6nlenmi\u015ftir. <\/p>\n<p>Gizlilik politikam\u0131z ile ilgili her t\u00fcrl\u00fc soru ve \u00f6neriniz i\u00e7in sitemizdeki ileti\u015fim b\u00f6l\u00fcm\u00fcnden bize e-mail g\u00f6nderebilirsiniz.<\/p>\n","protected":false},"excerpt":{"rendered":"<p>\u0414\u0410\u041d\u041d\u042b\u0419 \u0414\u041e\u041a\u0423\u041c\u0415\u041d\u0422 \u041f\u0420\u0415\u0414\u041e\u0421\u0422\u0410\u0412\u041b\u0415\u041d \u0412 \u041e\u0420\u0418\u0413\u0418\u041d\u0410\u041b\u0415, \u0422\u041e\u041b\u042c\u041a\u041e \u041d\u0410 \u0422\u0423\u0420\u0415\u0426\u041a\u041e\u041c \u042f\u0417\u042b\u041a\u0415. G\u0130ZL\u0130L\u0130K S\u00d6ZLE\u015eMES\u0130: Bu beyan aryacomponent.com \/ gizlilik politikas\u0131n\u0131 i\u00e7erir. aryacomponent.com \/ web sitesini ziyaret ederek a\u015fa\u011f\u0131daki \u015fartlar\u0131 ve kurallar\u0131 uygulamay\u0131 kabul etmi\u015f say\u0131lmaktas\u0131n\u0131z. aryacomponent.com \/ \u00fcyelik a\u015famas\u0131nda ve daha sonras\u0131nda sizden baz\u0131 ki\u015fisel bilgilerinizi talep eder. Ki\u015fisel bilgilerinizin korunmas\u0131 ve gizlili\u011finizin s\u00fcrd\u00fcr\u00fclebilmesi, aryacomponent.com ekibi olarak birinci&hellip;<\/p>\n","protected":false},"author":3,"featured_media":0,"parent":0,"menu_order":0,"comment_status":"closed","ping_status":"closed","template":"","meta":[],"aioseo_notices":[],"_links":{"self":[{"href":"https:\/\/aryacomponent.com\/ru\/wp-json\/wp\/v2\/pages\/727"}],"collection":[{"href":"https:\/\/aryacomponent.com\/ru\/wp-json\/wp\/v2\/pages"}],"about":[{"href":"https:\/\/aryacomponent.com\/ru\/wp-json\/wp\/v2\/types\/page"}],"author":[{"embeddable":true,"href":"https:\/\/aryacomponent.com\/ru\/wp-json\/wp\/v2\/users\/3"}],"replies":[{"embeddable":true,"href":"https:\/\/aryacomponent.com\/ru\/wp-json\/wp\/v2\/comments?post=727"}],"version-history":[{"count":0,"href":"https:\/\/aryacomponent.com\/ru\/wp-json\/wp\/v2\/pages\/727\/revisions"}],"wp:attachment":[{"href":"https:\/\/aryacomponent.com\/ru\/wp-json\/wp\/v2\/media?parent=727"}],"curies":[{"name":"wp","href":"https:\/\/api.w.org\/{rel}","templated":true}]}}