{"id":699,"date":"2022-02-20T01:18:35","date_gmt":"2022-02-19T22:18:35","guid":{"rendered":"http:\/\/aryacomponent.com\/refund_returns\/"},"modified":"2022-02-20T02:24:34","modified_gmt":"2022-02-19T23:24:34","slug":"refund_returns","status":"publish","type":"page","link":"https:\/\/aryacomponent.com\/en\/refund_returns\/","title":{"rendered":"Delivery and Returns Terms"},"content":{"rendered":"<p class=\"legal1\">THIS DOCUMENT IS PROVIDED IN THE ORIGINAL TURKISH LANGUAGE ONLY.<\/p>\n<h2>TESL\u0130MAT<\/h2>\n<p>Talepleriniz sipari\u015f sonunda teslimata haz\u0131rlanmak \u00fczere i\u015fleme al\u0131n\u0131r. Sipari\u015finiz onayland\u0131ktan sonra en ge\u00e7 5 (be\u015f) i\u015f g\u00fcn\u00fc sonunda kargo firmas\u0131na teslim edilir. Kargonuzun durumu sipari\u015finizin sonucunda size verilecek kargo takip numaras\u0131 ile izlenebilir. S\u00f6zle\u015fme konusunu olu\u015fturan \u00fcr\u00fcnler SATICI\u2019n\u0131n belirleyece\u011fi kargo firmas\u0131 taraf\u0131ndan ALICI\u2019ya teslim edilir. Kargo \u00fccreti ve varsa kargo sigorta \u00fccreti fatura bedeline eklenir. ALICI bu bedelleri \u00f6demeyi de pe\u015finen kabul ve taahh\u00fct eder.<\/p>\n<p>\u00d6deme i\u015flemi yap\u0131ld\u0131ktan sonra s\u00f6zle\u015fme konusu \u00fcr\u00fcnlerin yurti\u00e7i kargolar\u0131n teslim etme s\u00fcresi ortalama 1 g\u00fcn ila 2 hafta s\u00fcrmektedir.<\/p>\n<p>SATICI Kargo ve Teslimat s\u0131ras\u0131nda \u00fcr\u00fcnde meydana gelebilecek olan zararlardan sorumlu de\u011fildir. ALICI kendisine teslim edilen \u00fcr\u00fcnde bir hasar g\u00f6rd\u00fc\u011f\u00fcnde kargoyu kabul etmeme hakk\u0131na sahiptir. Kargo ta\u015f\u0131mas\u0131 nedeniyle \u00fcr\u00fcnde olu\u015fabilecek hasarlar veya kullan\u0131m kay\u0131plar\u0131 s\u00f6z konusu ise, ALICI teslim an\u0131nda teslim fi\u015fini onaylamadan \u00f6nce kargo firmas\u0131 yetkilisinden hasar tespit tutana\u011f\u0131 (zab\u0131t) tutturularak iade edilecek \u00fcr\u00fcn\/\u00fcr\u00fcnlere ekleyerek kargo yetkilisine geri teslim etmelidir. Aksi takdirde kargo hasarlar\u0131ndan kaynaklanan hasarlardan veya kullan\u0131m kay\u0131plar\u0131ndan sorumluluk ALICI\u2019n\u0131n olacakt\u0131r ve \u00fcr\u00fcn iade edilemez. SATICI taraf\u0131ndan \u00fcr\u00fcnde meydana gelen hatan\u0131n kargo ve teslimattan \u00f6nce meydana gelmi\u015f olmas\u0131n\u0131n tespiti durumunda hasarl\u0131 \u00fcr\u00fcn SATICI deposuna ula\u015ft\u0131ktan sonra \u00fcr\u00fcn\u00fcn de\u011fi\u015ftirilmesi ve tekrar kargoya verilmesi i\u015flemi azami 7 i\u015f g\u00fcn\u00fc s\u00fcrer. \u00dcr\u00fcn\u00fcn temin edilememesinden kaynaklanan bir durum s\u00f6z konusu oldu\u011funda, SATICI, ALICI\u2019 ya yapm\u0131\u015f oldu\u011fu \u00f6demeyi, i\u015fbu s\u00f6zle\u015fmede yazan ko\u015fullarla iade edecektir.<\/p>\n<h2>CAYMA (\u0130ADE) HAKKI<\/h2>\n<p>ALICI, s\u00f6zle\u015fme konusu \u00fcr\u00fcn\u00fcn kendisine veya g\u00f6sterdi\u011fi adresteki ki\u015fi\/kurulu\u015fa tesliminden itibaren (7) g\u00fcn i\u00e7inde cayma hakk\u0131na sahiptir. Cayma hakk\u0131n\u0131n kullan\u0131lmas\u0131 i\u00e7in bu s\u00fcre i\u00e7inde aryacomponent.com a, email veya telefon ile bildirimde bulunulmas\u0131 ve \u00fcr\u00fcn\u00fcn ilgili madde h\u00fck\u00fcmleri \u00e7er\u00e7evesinde kullan\u0131lmam\u0131\u015f olmas\u0131 \u015fartt\u0131r.<\/p>\n<p>Bu hakk\u0131n kullan\u0131lmas\u0131 halinde, 3. ki\u015fiye veya ALICI&#8217;ya teslim edilen \u00fcr\u00fcn\u00fcn aryacomponent.com a g\u00f6nderildi\u011fine ili\u015fkin kargo teslim tutana\u011f\u0131 \u00f6rne\u011fi ile fatura asl\u0131n\u0131n iadesi zorunludur.<br \/>\nBu belgelerin ula\u015fmas\u0131n\u0131 takip eden 7 g\u00fcn i\u00e7inde \u00fcr\u00fcn bedeli ALICI&#8217; ya iade edilir. Fatura asl\u0131 g\u00f6nderilmez ise KDV ve varsa sair yasal y\u00fck\u00fcml\u00fcl\u00fckler iade edilemez. Cayma hakk\u0131 nedeni ile iade edilen \u00fcr\u00fcn\u00fcn kargo bedeli ALICI taraf\u0131ndan kar\u015f\u0131lan\u0131r.<\/p>\n<p>Ayr\u0131ca, t\u00fcketicinin \u00f6zel istek ve talepleri uyar\u0131nca \u00fcretilen veya \u00fczerinde de\u011fi\u015fiklik ya da ilaveler yap\u0131larak ki\u015fiye \u00f6zel hale getirilen mallarda t\u00fcketici cayma hakk\u0131n\u0131 kullanamaz.<\/p>\n<p>\u00d6demenin kredi kart\u0131 veya benzeri bir \u00f6deme kart\u0131 ile yap\u0131lmas\u0131 halinde t\u00fcketici, kart\u0131n kendi r\u0131zas\u0131 d\u0131\u015f\u0131nda ve hukuka ayk\u0131r\u0131 bi\u00e7imde kullan\u0131ld\u0131\u011f\u0131 gerek\u00e7esiyle \u00f6deme i\u015fleminin iptal edilmesini talep edebilir. Bu halde, kart\u0131 \u00e7\u0131karan kurulu\u015f itiraz\u0131n kendisine bildirilmesinden itibaren 10 g\u00fcn i\u00e7inde \u00f6deme tutar\u0131n\u0131 t\u00fcketiciye iade eder.<\/p>\n","protected":false},"excerpt":{"rendered":"<p>THIS DOCUMENT IS PROVIDED IN THE ORIGINAL TURKISH LANGUAGE ONLY. TESL\u0130MAT Talepleriniz sipari\u015f sonunda teslimata haz\u0131rlanmak \u00fczere i\u015fleme al\u0131n\u0131r. Sipari\u015finiz onayland\u0131ktan sonra en ge\u00e7 5 (be\u015f) i\u015f g\u00fcn\u00fc sonunda kargo firmas\u0131na teslim edilir. Kargonuzun durumu sipari\u015finizin sonucunda size verilecek kargo takip numaras\u0131 ile izlenebilir. S\u00f6zle\u015fme konusunu olu\u015fturan \u00fcr\u00fcnler SATICI\u2019n\u0131n belirleyece\u011fi kargo firmas\u0131 taraf\u0131ndan ALICI\u2019ya teslim&hellip;<\/p>\n","protected":false},"author":3,"featured_media":0,"parent":0,"menu_order":0,"comment_status":"closed","ping_status":"closed","template":"","meta":[],"aioseo_notices":[],"_links":{"self":[{"href":"https:\/\/aryacomponent.com\/en\/wp-json\/wp\/v2\/pages\/699"}],"collection":[{"href":"https:\/\/aryacomponent.com\/en\/wp-json\/wp\/v2\/pages"}],"about":[{"href":"https:\/\/aryacomponent.com\/en\/wp-json\/wp\/v2\/types\/page"}],"author":[{"embeddable":true,"href":"https:\/\/aryacomponent.com\/en\/wp-json\/wp\/v2\/users\/3"}],"replies":[{"embeddable":true,"href":"https:\/\/aryacomponent.com\/en\/wp-json\/wp\/v2\/comments?post=699"}],"version-history":[{"count":0,"href":"https:\/\/aryacomponent.com\/en\/wp-json\/wp\/v2\/pages\/699\/revisions"}],"wp:attachment":[{"href":"https:\/\/aryacomponent.com\/en\/wp-json\/wp\/v2\/media?parent=699"}],"curies":[{"name":"wp","href":"https:\/\/api.w.org\/{rel}","templated":true}]}}