{"id":447,"date":"2017-04-08T00:26:19","date_gmt":"2017-04-07T21:26:19","guid":{"rendered":"https:\/\/sofamonza.com\/iletisim\/"},"modified":"2025-03-06T15:20:52","modified_gmt":"2025-03-06T12:20:52","slug":"contacts","status":"publish","type":"page","link":"https:\/\/aryacomponent.com\/en\/contacts\/","title":{"rendered":"Contacts"},"content":{"rendered":"<p>[vc_row][vc_column][vc_column_text css=&#8221;.vc_custom_1645478320782{margin-bottom: 20px !important;}&#8221;]<i class=\"fa icon-location\"><\/i> \u0130OSB \u0130PKAS Sanayi Sitesi, 3.ETAP, &#8220;D&#8221; Blok, No:39, \u0130stanbul &#8211; Ba\u015fak\u015fehir, TURKEY<br \/>\n<i class=\"fa fa-phone\"><\/i> +90 (212) 682 02 00<br \/>\n<i class=\"fa icon-chat-2\"><\/i> <a href=\"https:\/\/api.whatsapp.com\/send?phone=905319908202\"> +90 (531) 990 82 02 (WhatsApp)<\/a><br \/>\n<i class=\"fa fa-envelope\"><\/i> aryateker@gmail.com<br \/>\n<i class=\"fa fa-globe\"><\/i> <a href=\"https:\/\/aryacomponent.com\/\">https:\/\/aryacomponent.com\/<\/a>[\/vc_column_text][vc_gmaps link=&#8221;#E-8_JTNDaWZyYW1lJTIwc3JjJTNEJTIyaHR0cHMlM0ElMkYlMkZ3d3cuZ29vZ2xlLmNvbSUyRm1hcHMlMkZlbWJlZCUzRnBiJTNEJTIxMW0xOCUyMTFtMTIlMjExbTMlMjExZDMwMDcuMjI5NTgxMjQ1NzAyJTIxMmQyOC43OTU3NjI4MTE5MjA1MiUyMTNkNDEuMDg1ODMwMjE0NTI1OTA2JTIxMm0zJTIxMWYwJTIxMmYwJTIxM2YwJTIxM20yJTIxMWkxMDI0JTIxMmk3NjglMjE0ZjEzLjElMjEzbTMlMjExbTIlMjExczB4MTRiNTU3NjdjMDVmZTQxZCUyNTNBMHhjYzRhZTJjMzFhNTYwOGI4JTIxMnNBcnlhJTI1MjBDb21wb25lbnQlMjUyME9maXMlMjUyMEtvbHR1ayUyNTIwVGVrZXJsZXJpJTIxNWUwJTIxM20yJTIxMXN0ciUyMTJzdHIlMjE0djE3MDU5MjcwMTU5OTQlMjE1bTIlMjExc3RyJTIxMnN0ciUyMiUyMHdpZHRoJTNEJTIyNjAwJTIyJTIwaGVpZ2h0JTNEJTIyNDUwJTIyJTIwc3R5bGUlM0QlMjJib3JkZXIlM0EwJTNCJTIyJTIwYWxsb3dmdWxsc2NyZWVuJTNEJTIyJTIyJTIwbG9hZGluZyUzRCUyMmxhenklMjIlMjByZWZlcnJlcnBvbGljeSUzRCUyMm5vLXJlZmVycmVyLXdoZW4tZG93bmdyYWRlJTIyJTNFJTNDJTJGaWZyYW1lJTNF&#8221; size=&#8221;350&#8243;][\/vc_column][\/vc_row]<\/p>\n","protected":false},"excerpt":{"rendered":"<p>[vc_row][vc_column][vc_column_text css=&#8221;.vc_custom_1645478320782{margin-bottom: 20px !important;}&#8221;] \u0130OSB \u0130PKAS Sanayi Sitesi, 3.ETAP, &#8220;D&#8221; Blok, No:39, \u0130stanbul &#8211; Ba\u015fak\u015fehir, TURKEY +90 (212) 682 02 00 +90 (531) 990 82 02 (WhatsApp) aryateker@gmail.com https:\/\/aryacomponent.com\/[\/vc_column_text][vc_gmaps link=&#8221;#E-8_JTNDaWZyYW1lJTIwc3JjJTNEJTIyaHR0cHMlM0ElMkYlMkZ3d3cuZ29vZ2xlLmNvbSUyRm1hcHMlMkZlbWJlZCUzRnBiJTNEJTIxMW0xOCUyMTFtMTIlMjExbTMlMjExZDMwMDcuMjI5NTgxMjQ1NzAyJTIxMmQyOC43OTU3NjI4MTE5MjA1MiUyMTNkNDEuMDg1ODMwMjE0NTI1OTA2JTIxMm0zJTIxMWYwJTIxMmYwJTIxM2YwJTIxM20yJTIxMWkxMDI0JTIxMmk3NjglMjE0ZjEzLjElMjEzbTMlMjExbTIlMjExczB4MTRiNTU3NjdjMDVmZTQxZCUyNTNBMHhjYzRhZTJjMzFhNTYwOGI4JTIxMnNBcnlhJTI1MjBDb21wb25lbnQlMjUyME9maXMlMjUyMEtvbHR1ayUyNTIwVGVrZXJsZXJpJTIxNWUwJTIxM20yJTIxMXN0ciUyMTJzdHIlMjE0djE3MDU5MjcwMTU5OTQlMjE1bTIlMjExc3RyJTIxMnN0ciUyMiUyMHdpZHRoJTNEJTIyNjAwJTIyJTIwaGVpZ2h0JTNEJTIyNDUwJTIyJTIwc3R5bGUlM0QlMjJib3JkZXIlM0EwJTNCJTIyJTIwYWxsb3dmdWxsc2NyZWVuJTNEJTIyJTIyJTIwbG9hZGluZyUzRCUyMmxhenklMjIlMjByZWZlcnJlcnBvbGljeSUzRCUyMm5vLXJlZmVycmVyLXdoZW4tZG93bmdyYWRlJTIyJTNFJTNDJTJGaWZyYW1lJTNF&#8221; size=&#8221;350&#8243;][\/vc_column][\/vc_row]<\/p>\n","protected":false},"author":3,"featured_media":0,"parent":0,"menu_order":0,"comment_status":"closed","ping_status":"closed","template":"","meta":[],"aioseo_notices":[],"_links":{"self":[{"href":"https:\/\/aryacomponent.com\/en\/wp-json\/wp\/v2\/pages\/447"}],"collection":[{"href":"https:\/\/aryacomponent.com\/en\/wp-json\/wp\/v2\/pages"}],"about":[{"href":"https:\/\/aryacomponent.com\/en\/wp-json\/wp\/v2\/types\/page"}],"author":[{"embeddable":true,"href":"https:\/\/aryacomponent.com\/en\/wp-json\/wp\/v2\/users\/3"}],"replies":[{"embeddable":true,"href":"https:\/\/aryacomponent.com\/en\/wp-json\/wp\/v2\/comments?post=447"}],"version-history":[{"count":0,"href":"https:\/\/aryacomponent.com\/en\/wp-json\/wp\/v2\/pages\/447\/revisions"}],"wp:attachment":[{"href":"https:\/\/aryacomponent.com\/en\/wp-json\/wp\/v2\/media?parent=447"}],"curies":[{"name":"wp","href":"https:\/\/api.w.org\/{rel}","templated":true}]}}